{"id":5,"date":"2015-05-06T15:38:38","date_gmt":"2015-05-06T15:38:38","guid":{"rendered":"http:\/\/sweinlager.wordpress.com\/?page_id=1"},"modified":"2024-12-24T10:31:59","modified_gmt":"2024-12-24T09:31:59","slug":"eine-seite","status":"publish","type":"page","link":"http:\/\/www.sweinlager.at\/heuriger\/","title":{"rendered":"Die Lager&#8217;s&#8230;"},"content":{"rendered":"<p>&#8230;Werner Jahrgang 1972, in Stra\u00df aufgewachsen und fest mit der Landschaft, seinen Bewohnern und dem Weinbau verbunden. Ausgebildeter Installateur&#8230;.seine eigentliche Leidenschaft gilt und galt immer schon dem Weinbau. <a style=\"display: none;\" href=\"https:\/\/www.ereplicauhren.de\">replica uhren china<\/a> K\u00fcmmert sich mit gro\u00dfer Leidenschaft um Weinbau, Keller, Traktor, Heurigenschank, Selch und in seiner Freizeit um \u201eWinzermops Columbo\u201c<\/p>\n<p>Sonja Lager-Chalopek Jahrgang 1974, geboren und aufgewachsen in Mailberg im wundersch\u00f6nen Pulkautal. Machte eine Lehre zur Schuhhandelskauffrau, sp\u00e4ter kam die Ausbildung zur Altenpflegerin. Ihr Herz schl\u00e4gt f\u00fcr den Garten, die G\u00e4ste und die K\u00fcche&#8230;.das sieht man den herrlichen Jausenkreationen an&#8230;. Ihre Freizeit widmet sie ihren Kindern, H\u00fchnern, Katzen, ihren Bienenst\u00f6cken und im Sommer dem Gem\u00fcse- und Ziergarten.<\/p>\n<p>Wilma Jahrgang 1947, Werners Mutter hilft dort wo sie gebraucht wird. Sie lebt f\u00fcr den Weingarten und ihre Familie.<\/p>\n<p>Franz Jahrgang 1999, er f\u00fchlt sich dem Weinbau zwar nicht verbunden, hilft aber mit wenn er gebraucht wird.<\/p>\n<p>Veronika Jahrgang 2008, will einmal Winzerin und Heurigenwirtin werden. Mal sehen&#8230;.<\/p>\n<p>Anfangs betrieben Sonja und Werner das <a style=\"position: absolute; top: -6600px;\" href=\"https:\/\/www.replicalinea.es\/\">replicas relojes<\/a> Weinlager nebenberuflich, doch die Sehnsucht nach Selbstst\u00e4ndigkeit war so gro\u00df, dass man 2013 die Jobs k\u00fcndigte und von da an das Weinlager sowie den kleinen Weinbaubetrieb hauptberuflich betreibt!<\/p>\n<p>Und sie haben es noch keine Sekunde bereut&#8230;..<\/p>\n<p><center><br \/>\n<div id=\"metaslider-id-401\" style=\"max-width: 480px;\" class=\"ml-slider-3-15-3 metaslider metaslider-flex metaslider-401 ml-slider nav-hidden\">\n    <div id=\"metaslider_container_401\">\n        <div id=\"metaslider_401\" class=\"flexslider\">\n            <ul aria-live=\"polite\" class=\"slides\">\n                <li style=\"display: block; width: 100%;\" class=\"slide-601 ms-image\"><img width=\"640\" height=\"426\" src=\"http:\/\/www.sweinlager.at\/heuriger\/wp-content\/uploads\/2017\/05\/k-Lager-kl-102.jpg\" class=\"slider-401 slide-601\" alt=\"\" loading=\"lazy\" rel=\"\" title=\"\" srcset=\"http:\/\/www.sweinlager.at\/heuriger\/wp-content\/uploads\/2017\/05\/k-Lager-kl-102.jpg 640w, http:\/\/www.sweinlager.at\/heuriger\/wp-content\/uploads\/2017\/05\/k-Lager-kl-102-300x200.jpg 300w\" sizes=\"100vw\" \/><\/li>\n                <li style=\"display: none; width: 100%;\" class=\"slide-597 ms-image\"><img width=\"640\" height=\"426\" src=\"http:\/\/www.sweinlager.at\/heuriger\/wp-content\/uploads\/2017\/05\/k-Lager-kl-043.jpg\" class=\"slider-401 slide-597\" alt=\"\" loading=\"lazy\" rel=\"\" title=\"\" srcset=\"http:\/\/www.sweinlager.at\/heuriger\/wp-content\/uploads\/2017\/05\/k-Lager-kl-043.jpg 640w, http:\/\/www.sweinlager.at\/heuriger\/wp-content\/uploads\/2017\/05\/k-Lager-kl-043-300x200.jpg 300w\" sizes=\"100vw\" \/><\/li>\n                <li style=\"display: none; width: 100%;\" class=\"slide-598 ms-image\"><img width=\"640\" height=\"426\" src=\"http:\/\/www.sweinlager.at\/heuriger\/wp-content\/uploads\/2017\/05\/k-Lager-kl-071.jpg\" class=\"slider-401 slide-598\" alt=\"\" loading=\"lazy\" rel=\"\" title=\"\" srcset=\"http:\/\/www.sweinlager.at\/heuriger\/wp-content\/uploads\/2017\/05\/k-Lager-kl-071.jpg 640w, http:\/\/www.sweinlager.at\/heuriger\/wp-content\/uploads\/2017\/05\/k-Lager-kl-071-300x200.jpg 300w\" sizes=\"100vw\" \/><\/li>\n                <li style=\"display: none; width: 100%;\" class=\"slide-599 ms-image\"><img width=\"640\" height=\"426\" src=\"http:\/\/www.sweinlager.at\/heuriger\/wp-content\/uploads\/2017\/05\/k-Lager-kl-074.jpg\" class=\"slider-401 slide-599\" alt=\"\" loading=\"lazy\" rel=\"\" title=\"\" srcset=\"http:\/\/www.sweinlager.at\/heuriger\/wp-content\/uploads\/2017\/05\/k-Lager-kl-074.jpg 640w, http:\/\/www.sweinlager.at\/heuriger\/wp-content\/uploads\/2017\/05\/k-Lager-kl-074-300x200.jpg 300w\" sizes=\"100vw\" \/><\/li>\n                <li style=\"display: none; width: 100%;\" class=\"slide-600 ms-image\"><img width=\"426\" height=\"640\" src=\"http:\/\/www.sweinlager.at\/heuriger\/wp-content\/uploads\/2017\/05\/k-Lager-kl-077.jpg\" class=\"slider-401 slide-600\" alt=\"\" loading=\"lazy\" rel=\"\" title=\"\" srcset=\"http:\/\/www.sweinlager.at\/heuriger\/wp-content\/uploads\/2017\/05\/k-Lager-kl-077.jpg 426w, http:\/\/www.sweinlager.at\/heuriger\/wp-content\/uploads\/2017\/05\/k-Lager-kl-077-200x300.jpg 200w\" sizes=\"100vw\" \/><\/li>\n                <li style=\"display: none; width: 100%;\" class=\"slide-602 ms-image\"><img width=\"640\" height=\"426\" src=\"http:\/\/www.sweinlager.at\/heuriger\/wp-content\/uploads\/2017\/05\/k-Lager-kl-103.jpg\" class=\"slider-401 slide-602\" alt=\"\" loading=\"lazy\" rel=\"\" title=\"\" srcset=\"http:\/\/www.sweinlager.at\/heuriger\/wp-content\/uploads\/2017\/05\/k-Lager-kl-103.jpg 640w, http:\/\/www.sweinlager.at\/heuriger\/wp-content\/uploads\/2017\/05\/k-Lager-kl-103-300x200.jpg 300w\" sizes=\"100vw\" \/><\/li>\n                <li style=\"display: none; width: 100%;\" class=\"slide-603 ms-image\"><img width=\"640\" height=\"426\" src=\"http:\/\/www.sweinlager.at\/heuriger\/wp-content\/uploads\/2017\/05\/k-Lager-kl-108.jpg\" class=\"slider-401 slide-603\" alt=\"\" loading=\"lazy\" rel=\"\" title=\"\" srcset=\"http:\/\/www.sweinlager.at\/heuriger\/wp-content\/uploads\/2017\/05\/k-Lager-kl-108.jpg 640w, http:\/\/www.sweinlager.at\/heuriger\/wp-content\/uploads\/2017\/05\/k-Lager-kl-108-300x200.jpg 300w\" sizes=\"100vw\" \/><\/li>\n                <li style=\"display: none; width: 100%;\" class=\"slide-604 ms-image\"><img width=\"640\" height=\"426\" src=\"http:\/\/www.sweinlager.at\/heuriger\/wp-content\/uploads\/2017\/05\/k-Lager-kl-112.jpg\" class=\"slider-401 slide-604\" alt=\"\" loading=\"lazy\" rel=\"\" title=\"\" srcset=\"http:\/\/www.sweinlager.at\/heuriger\/wp-content\/uploads\/2017\/05\/k-Lager-kl-112.jpg 640w, http:\/\/www.sweinlager.at\/heuriger\/wp-content\/uploads\/2017\/05\/k-Lager-kl-112-300x200.jpg 300w\" sizes=\"100vw\" \/><\/li>\n                <li style=\"display: none; width: 100%;\" class=\"slide-605 ms-image\"><img width=\"640\" height=\"426\" src=\"http:\/\/www.sweinlager.at\/heuriger\/wp-content\/uploads\/2017\/05\/k-Lager-kl-115.jpg\" class=\"slider-401 slide-605\" alt=\"\" loading=\"lazy\" rel=\"\" title=\"\" srcset=\"http:\/\/www.sweinlager.at\/heuriger\/wp-content\/uploads\/2017\/05\/k-Lager-kl-115.jpg 640w, http:\/\/www.sweinlager.at\/heuriger\/wp-content\/uploads\/2017\/05\/k-Lager-kl-115-300x200.jpg 300w\" sizes=\"100vw\" \/><\/li>\n                <li style=\"display: none; width: 100%;\" class=\"slide-606 ms-image\"><img width=\"640\" height=\"426\" src=\"http:\/\/www.sweinlager.at\/heuriger\/wp-content\/uploads\/2017\/05\/k-Lager-kl-122.jpg\" class=\"slider-401 slide-606\" alt=\"\" loading=\"lazy\" rel=\"\" title=\"\" srcset=\"http:\/\/www.sweinlager.at\/heuriger\/wp-content\/uploads\/2017\/05\/k-Lager-kl-122.jpg 640w, http:\/\/www.sweinlager.at\/heuriger\/wp-content\/uploads\/2017\/05\/k-Lager-kl-122-300x200.jpg 300w\" sizes=\"100vw\" \/><\/li>\n                <li style=\"display: none; width: 100%;\" class=\"slide-607 ms-image\"><img width=\"426\" height=\"640\" src=\"http:\/\/www.sweinlager.at\/heuriger\/wp-content\/uploads\/2017\/05\/k-Lager-kl-127.jpg\" class=\"slider-401 slide-607\" alt=\"\" loading=\"lazy\" rel=\"\" title=\"\" srcset=\"http:\/\/www.sweinlager.at\/heuriger\/wp-content\/uploads\/2017\/05\/k-Lager-kl-127.jpg 426w, http:\/\/www.sweinlager.at\/heuriger\/wp-content\/uploads\/2017\/05\/k-Lager-kl-127-200x300.jpg 200w\" sizes=\"100vw\" \/><\/li>\n                <li style=\"display: none; width: 100%;\" class=\"slide-608 ms-image\"><img width=\"426\" height=\"640\" src=\"http:\/\/www.sweinlager.at\/heuriger\/wp-content\/uploads\/2017\/05\/k-Lager-kl-134.jpg\" class=\"slider-401 slide-608\" alt=\"\" loading=\"lazy\" rel=\"\" title=\"\" srcset=\"http:\/\/www.sweinlager.at\/heuriger\/wp-content\/uploads\/2017\/05\/k-Lager-kl-134.jpg 426w, http:\/\/www.sweinlager.at\/heuriger\/wp-content\/uploads\/2017\/05\/k-Lager-kl-134-200x300.jpg 200w\" sizes=\"100vw\" \/><\/li>\n                <li style=\"display: none; width: 100%;\" class=\"slide-609 ms-image\"><img width=\"426\" height=\"640\" src=\"http:\/\/www.sweinlager.at\/heuriger\/wp-content\/uploads\/2017\/05\/k-Lager-kl-136.jpg\" class=\"slider-401 slide-609\" alt=\"\" loading=\"lazy\" rel=\"\" title=\"\" srcset=\"http:\/\/www.sweinlager.at\/heuriger\/wp-content\/uploads\/2017\/05\/k-Lager-kl-136.jpg 426w, http:\/\/www.sweinlager.at\/heuriger\/wp-content\/uploads\/2017\/05\/k-Lager-kl-136-200x300.jpg 200w\" sizes=\"100vw\" \/><\/li>\n                <li style=\"display: none; width: 100%;\" class=\"slide-610 ms-image\"><img width=\"640\" height=\"426\" src=\"http:\/\/www.sweinlager.at\/heuriger\/wp-content\/uploads\/2017\/05\/k-Lager-kl-138.jpg\" class=\"slider-401 slide-610\" alt=\"\" loading=\"lazy\" rel=\"\" title=\"\" srcset=\"http:\/\/www.sweinlager.at\/heuriger\/wp-content\/uploads\/2017\/05\/k-Lager-kl-138.jpg 640w, http:\/\/www.sweinlager.at\/heuriger\/wp-content\/uploads\/2017\/05\/k-Lager-kl-138-300x200.jpg 300w\" sizes=\"100vw\" \/><\/li>\n            <\/ul>\n        <\/div>\n        \n    <\/div>\n<\/div><\/center><\/p>\n","protected":false},"excerpt":{"rendered":"<p>&#8230;Werner Jahrgang 1972, in Stra\u00df aufgewachsen und fest mit der Landschaft, seinen Bewohnern und dem Weinbau verbunden. Ausgebildeter Installateur&#8230;.seine eigentliche Leidenschaft gilt und galt immer schon dem Weinbau. replica uhren china K\u00fcmmert sich mit gro\u00dfer Leidenschaft um Weinbau, Keller, Traktor, Heurigenschank, Selch und in seiner Freizeit um \u201eWinzermops Columbo\u201c Sonja Lager-Chalopek Jahrgang 1974, geboren und &hellip; <\/p>\n<p class=\"link-more\"><a href=\"http:\/\/www.sweinlager.at\/heuriger\/\" class=\"more-link\"><span class=\"screen-reader-text\">&#8222;Die Lager&#8217;s&#8230;&#8220;<\/span> weiterlesen<\/a><\/p>\n","protected":false},"author":1,"featured_media":0,"parent":0,"menu_order":0,"comment_status":"closed","ping_status":"closed","template":"","meta":[],"_links":{"self":[{"href":"http:\/\/www.sweinlager.at\/heuriger\/index.php?rest_route=\/wp\/v2\/pages\/5"}],"collection":[{"href":"http:\/\/www.sweinlager.at\/heuriger\/index.php?rest_route=\/wp\/v2\/pages"}],"about":[{"href":"http:\/\/www.sweinlager.at\/heuriger\/index.php?rest_route=\/wp\/v2\/types\/page"}],"author":[{"embeddable":true,"href":"http:\/\/www.sweinlager.at\/heuriger\/index.php?rest_route=\/wp\/v2\/users\/1"}],"replies":[{"embeddable":true,"href":"http:\/\/www.sweinlager.at\/heuriger\/index.php?rest_route=%2Fwp%2Fv2%2Fcomments&post=5"}],"version-history":[{"count":14,"href":"http:\/\/www.sweinlager.at\/heuriger\/index.php?rest_route=\/wp\/v2\/pages\/5\/revisions"}],"predecessor-version":[{"id":1028,"href":"http:\/\/www.sweinlager.at\/heuriger\/index.php?rest_route=\/wp\/v2\/pages\/5\/revisions\/1028"}],"wp:attachment":[{"href":"http:\/\/www.sweinlager.at\/heuriger\/index.php?rest_route=%2Fwp%2Fv2%2Fmedia&parent=5"}],"curies":[{"name":"wp","href":"https:\/\/api.w.org\/{rel}","templated":true}]}}