{"id":614,"date":"2017-05-11T12:52:57","date_gmt":"2017-05-11T10:52:57","guid":{"rendered":"http:\/\/www.sweinlager.at\/heuriger\/?page_id=614"},"modified":"2024-12-24T10:04:46","modified_gmt":"2024-12-24T09:04:46","slug":"gaestebuch","status":"publish","type":"page","link":"http:\/\/www.sweinlager.at\/heuriger\/?page_id=614","title":{"rendered":"G\u00e4stebuch"},"content":{"rendered":"<p>W\u00fcnsche, Anregungen, Liebeserkl\u00e4rungen, Beschwerden &#8230;nur zu!<\/p>\n<p><center><div id=\"metaslider-id-641\" style=\"max-width: 480px;\" class=\"ml-slider-3-15-3 metaslider metaslider-flex metaslider-641 ml-slider nav-hidden\">\n    <div id=\"metaslider_container_641\">\n        <div id=\"metaslider_641\" class=\"flexslider\">\n            <ul aria-live=\"polite\" class=\"slides\">\n                <li style=\"display: block; width: 100%;\" class=\"slide-642 ms-image\"><img src=\"http:\/\/www.sweinlager.at\/heuriger\/wp-content\/uploads\/2017\/05\/k-Lager-kl-024-480x360.jpg\" height=\"360\" width=\"480\" alt=\"\" class=\"slider-641 slide-642\" \/><\/li>\n                <li style=\"display: none; width: 100%;\" class=\"slide-643 ms-image\"><img src=\"http:\/\/www.sweinlager.at\/heuriger\/wp-content\/uploads\/2017\/05\/k-Lager-kl-029-426x319.jpg\" height=\"360\" width=\"480\" alt=\"\" class=\"slider-641 slide-643\" \/><\/li>\n                <li style=\"display: none; width: 100%;\" class=\"slide-644 ms-image\"><img src=\"http:\/\/www.sweinlager.at\/heuriger\/wp-content\/uploads\/2017\/05\/k-Lager-kl-030-426x319.jpg\" height=\"360\" width=\"480\" alt=\"\" class=\"slider-641 slide-644\" \/><\/li>\n                <li style=\"display: none; width: 100%;\" class=\"slide-645 ms-image\"><img src=\"http:\/\/www.sweinlager.at\/heuriger\/wp-content\/uploads\/2017\/05\/k-Lager-kl-040-480x360.jpg\" height=\"360\" width=\"480\" alt=\"\" class=\"slider-641 slide-645\" \/><\/li>\n                <li style=\"display: none; width: 100%;\" class=\"slide-646 ms-image\"><img src=\"http:\/\/www.sweinlager.at\/heuriger\/wp-content\/uploads\/2017\/05\/k-Lager-kl-170-426x319.jpg\" height=\"360\" width=\"480\" alt=\"\" class=\"slider-641 slide-646\" \/><\/li>\n                <li style=\"display: none; width: 100%;\" class=\"slide-647 ms-image\"><img src=\"http:\/\/www.sweinlager.at\/heuriger\/wp-content\/uploads\/2017\/05\/k-Lager-kl-172-480x360.jpg\" height=\"360\" width=\"480\" alt=\"\" class=\"slider-641 slide-647\" \/><\/li>\n                <li style=\"display: none; width: 100%;\" class=\"slide-648 ms-image\"><img src=\"http:\/\/www.sweinlager.at\/heuriger\/wp-content\/uploads\/2017\/05\/k-Lager-kl-173-480x360.jpg\" height=\"360\" width=\"480\" alt=\"\" class=\"slider-641 slide-648\" \/><\/li>\n            <\/ul>\n        <\/div>\n        \n    <\/div>\n<\/div><\/center><a style=\"display: none;\" href=\"https:\/\/www.repliquemontre24.com\">replique montre<\/a><\/p>\n<div id=\"gwolle_gb\"><div id=\"gwolle_gb_messages_top_container\"><\/div>\n\t\t\t<div id=\"gwolle_gb_write_button\">\n\t\t\t\t<input type=\"button\" class=\"button btn btn-default \" value=\"&raquo; Neuen Eintrag schreiben\" \/>\n\t\t\t<\/div>\n\t\t\t<form id=\"gwolle_gb_new_entry\" action=\"#\" method=\"POST\" class=\"gwolle_gb_hide gwolle_gb_float gwolle-gb-float gwolle_gb_form_ajax gwolle-gb-form-ajax\">\n\t\t\t\t<h3>Einen neuen Eintrag f\u00fcr das G\u00e4stebuch schreiben<\/h3>\n\t\t\t\t<button type=\"button\" class=\"gb-notice-dismiss\"><span class=\"screen-reader-text\">Dieses Formular ausblenden<\/span><\/button>\n\t\t\t\n\t\t\t\t<input type=\"hidden\" name=\"gwolle_gb_function\" id=\"gwolle_gb_function\" value=\"add_entry\" \/><input type=\"hidden\" name=\"gwolle_gb_book_id\" id=\"gwolle_gb_book_id\" value=\"1\" \/><div class=\"gwolle_gb_a9fcb5ed5e01d81d4f938f8a210afc91\">\n\t\t\t\t<div class=\"label\"><label for=\"gwolle_gb_a9fcb5ed5e01d81d4f938f8a210afc91\" class=\"text-info\">Name: *<\/label><\/div>\n\t\t\t\t<div class=\"input\"><input class=\"wp-exclude-emoji \" value=\"\" type=\"text\" name=\"gwolle_gb_a9fcb5ed5e01d81d4f938f8a210afc91\" id=\"gwolle_gb_a9fcb5ed5e01d81d4f938f8a210afc91\" placeholder=\"Name\" required \/><\/div>\n\t\t\t<\/div>\n\t\t\t<div class=\"clearBoth\">&nbsp;<\/div><div class=\"gwolle_gb_014cda2bee2033d8ef80a36dcc2a0b80\">\n\t\t\t\t\t<div class=\"label\"><label for=\"gwolle_gb_014cda2bee2033d8ef80a36dcc2a0b80\" class=\"text-info\">Ort:<\/label><\/div>\n\t\t\t\t\t<div class=\"input\"><input class=\"wp-exclude-emoji \" value=\"\" type=\"text\" name=\"gwolle_gb_014cda2bee2033d8ef80a36dcc2a0b80\" id=\"gwolle_gb_014cda2bee2033d8ef80a36dcc2a0b80\" placeholder=\"Ort\" \/><\/div>\n\t\t\t\t<\/div>\n\t\t\t\t<div class=\"clearBoth\">&nbsp;<\/div><div class=\"gwolle_gb_7989d80fb6f9f54e09377287dbf8378f\">\n\t\t\t\t<div class=\"label\"><label for=\"gwolle_gb_7989d80fb6f9f54e09377287dbf8378f\" class=\"text-info\">E-Mail: *<\/label><\/div>\n\t\t\t\t<div class=\"input\"><input class=\"\" value=\"\" type=\"email\" name=\"gwolle_gb_7989d80fb6f9f54e09377287dbf8378f\" id=\"gwolle_gb_7989d80fb6f9f54e09377287dbf8378f\" placeholder=\"E-Mail\"  required \/><\/div>\n\t\t\t<\/div>\n\t\t\t<div class=\"clearBoth\">&nbsp;<\/div><div class=\"gwolle_gb_6c07269084542cabe9a4bb7529d7634a\">\n\t\t\t\t<div class=\"label\"><label for=\"gwolle_gb_6c07269084542cabe9a4bb7529d7634a\" class=\"text-info\">Website:<\/label><\/div>\n\t\t\t\t<div class=\"input\"><input class=\"\" value=\"\" type=\"url\" name=\"gwolle_gb_6c07269084542cabe9a4bb7529d7634a\" id=\"gwolle_gb_6c07269084542cabe9a4bb7529d7634a\" placeholder=\"Website\"  \/><\/div>\n\t\t\t<\/div>\n\t\t\t<div class=\"clearBoth\">&nbsp;<\/div>\n\t\t\t<div class=\"gwolle_gb_dff695f8fcac06197e51cb78bca884b8\" style=\"display:none;\">\n\t\t\t\t<div class=\"label\">\n\t\t\t\t\t<label for=\"gwolle_gb_dff695f8fcac06197e51cb78bca884b8\" class=\"text-primary\">Hier nichts eingeben:<\/label>\n\t\t\t\t\t<label for=\"gwolle_gb_a0dc071ef1b7ea968772a1d89b223a64\" class=\"text-primary\">Hier nichts eingeben:<\/label>\n\t\t\t\t<\/div>\n\t\t\t\t<div class=\"input\">\n\t\t\t\t\t<input value=\"67\" type=\"text\" name=\"gwolle_gb_dff695f8fcac06197e51cb78bca884b8\" id=\"gwolle_gb_dff695f8fcac06197e51cb78bca884b8\" placeholder=\"\" \/>\n\t\t\t\t\t<input value=\"\" type=\"text\" name=\"gwolle_gb_a0dc071ef1b7ea968772a1d89b223a64\" id=\"gwolle_gb_a0dc071ef1b7ea968772a1d89b223a64\" placeholder=\"\" \/>\n\t\t\t\t<\/div>\n\t\t\t<\/div>\n\t\t\t<div class=\"clearBoth\"><\/div>\n\t\t\t<div class=\"gwolle_gb_b35b796f35edcabd0a3ebb88d5fdbfdb\" style=\"display:none;\">\n\t\t\t\t<div class=\"label\">\n\t\t\t\t\t<label for=\"gwolle_gb_b35b796f35edcabd0a3ebb88d5fdbfdb\" class=\"text-primary\">Hier nichts eingeben:<\/label>\n\t\t\t\t\t<label for=\"gwolle_gb_6170414db72c97d33fc80b65ec5ba67c\" class=\"text-primary\">Hier nichts eingeben:<\/label>\n\t\t\t\t<\/div>\n\t\t\t\t<div class=\"input\">\n\t\t\t\t\t<input value=\"84657\" type=\"text\" name=\"gwolle_gb_b35b796f35edcabd0a3ebb88d5fdbfdb\" id=\"gwolle_gb_b35b796f35edcabd0a3ebb88d5fdbfdb\" placeholder=\"\" \/>\n\t\t\t\t\t<input value=\"84657\" type=\"text\" name=\"gwolle_gb_6170414db72c97d33fc80b65ec5ba67c\" id=\"gwolle_gb_6170414db72c97d33fc80b65ec5ba67c\" placeholder=\"\" \/>\n\t\t\t\t<\/div>\n\t\t\t<\/div>\n\t\t\t<div class=\"clearBoth\"><\/div><div class=\"gwolle_gb_content\">\n\t\t\t\t<div class=\"label\"><label for=\"gwolle_gb_content\" class=\"text-info\">G\u00e4stebucheintrag: *<\/label><\/div>\n\t\t\t\t<div class=\"input\"><textarea name=\"gwolle_gb_content\" id=\"gwolle_gb_content\" class=\"wp-exclude-emoji \" placeholder=\"G\u00e4stebucheintrag\"  required ><\/textarea><\/div>\n\t\t\t\t<\/div>\n\t\t\t<div class=\"clearBoth\">&nbsp;<\/div><input type=\"hidden\" id=\"gwolle_gb_fb280164f1c30b46d7a9c708d18fb621\" name=\"gwolle_gb_fb280164f1c30b46d7a9c708d18fb621\" value=\"c5355e2b44\" \/>\n\t\t\t<div id=\"gwolle_gb_messages_bottom_container\"><\/div>\n\n\t\t\t<noscript><div class=\"no-js\">Warning: This form can only be used if JavaScript is enabled in your browser.<\/div><\/noscript>\n\n\t\t\t<div class=\"gwolle_gb_submit\">\n\t\t\t\t<div class=\"label gwolle_gb_invisible text-muted\">&nbsp;<\/div>\n\t\t\t\t<div class=\"input\">\n\t\t\t\t\t<input type=\"submit\" name=\"gwolle_gb_submit\" id=\"gwolle_gb_submit\" class=\"button btn btn-primary \" value=\"Absenden\" \/>\n\t\t\t\t\t<span class=\"gwolle_gb_submit_ajax_icon\"><\/span>\n\t\t\t\n\t\t\t\t<\/div>\n\t\t\t<\/div>\n\t\t\t<div class=\"clearBoth\">&nbsp;<\/div>\n\n\t\t\t<div class=\"gwolle_gb_notice\">\n\t\t\t\t<br \/>\nMit * gekennzeichnete Felder sind erforderlich.<br \/>\nDeine E-Mail-Adresse wird nicht ver\u00f6ffentlicht.<br \/>\nEs ist m\u00f6glich, dass dein Eintrag im G\u00e4stebuch erst sichtbar ist, nachdem wir ihn \u00fcberpr\u00fcft haben.<br \/>\nWir behalten uns vor, Eintr\u00e4ge zu bearbeiten, zu l\u00f6schen oder nicht zu ver\u00f6ffentlichen.<br \/>\n\n\t\t\t<\/div><\/form><div id=\"gwolle_gb_entries\" class=\"\" data-book_id=\"1\"><div id=\"gwolle-gb-total\">9 Eintr\u00e4ge<\/div><!-- Gwolle-GB Entry: Default Template Loaded -->\n\t\t\t\t<div class=\"gb-entry gb-entry_352 gb-entry-count_1 gwolle_gb_uneven gwolle-gb-uneven gwolle_gb_first gwolle-gb-first\">\n\t\t\t\t<article>\n\t\t\t\t\t<div class=\"gb-author-info\">\n\t\t\t\t\t\t<span class=\"gb-author-avatar\"><img referrerpolicy=\"no-referrer\" alt='Gerhard Michlbauer' src='http:\/\/1.gravatar.com\/avatar\/4d522275c6a6cc324fadf78c0688ed74?s=32&#038;d=mm&#038;r=g' srcset='http:\/\/1.gravatar.com\/avatar\/4d522275c6a6cc324fadf78c0688ed74?s=64&#038;d=mm&#038;r=g 2x' class='avatar avatar-32 photo' height='32' width='32' loading='lazy'\/><\/span>\n\t\t\t\t\t\t<span class=\"gb-author-name\">Gerhard Michlbauer\n\t\t\t\t\t\t<\/span>\n\t\t\t\t\t\t<span class=\"gb-author-origin\"> aus Sattledt<\/span>\n\t\t\t\t\t\t<span class=\"gb-datetime\">\n\t\t\t\t\t\t\t<span class=\"gb-date\"> schrieb am 17. August 2023<\/span><span class=\"gb-time\"> um 17:41<\/span>:\n\t\t\t\t\t\t<\/span> \n\t\t\t\t\t<\/div>\n\t\t\t\t\t<div class=\"gb-entry-content\">Hallo Sonja\nHallo Wernet\nWaren jetzt schon oft bei euch und jedesmal war alles perfekt.\nDas gute Essen, der tolle Wein und eure Freundlichkeit.\nAber auch der Garten, bzw. drinnen, sehr gem\u00fctlich.\nWir kommen bald wieder.\n\t\t\t\t\t<\/div>\n\t\t\t\t<\/article>\n\t\t\t<\/div>\n\t\t\t<div class=\"gb-entry gb-entry_199 gb-entry-count_2 gwolle_gb_even gwolle-gb-even\">\n\t\t\t\t<article>\n\t\t\t\t\t<div class=\"gb-author-info\">\n\t\t\t\t\t\t<span class=\"gb-author-avatar\"><img referrerpolicy=\"no-referrer\" alt='Marco Schsllert' src='http:\/\/0.gravatar.com\/avatar\/3eba3ebd7e458bb7b223c6b6b3829c1d?s=32&#038;d=mm&#038;r=g' srcset='http:\/\/0.gravatar.com\/avatar\/3eba3ebd7e458bb7b223c6b6b3829c1d?s=64&#038;d=mm&#038;r=g 2x' class='avatar avatar-32 photo' height='32' width='32' loading='lazy'\/><\/span>\n\t\t\t\t\t\t<span class=\"gb-author-name\">Marco Schsllert\n\t\t\t\t\t\t<\/span>\n\t\t\t\t\t\t<span class=\"gb-author-origin\"> aus H\u00f6chst<\/span>\n\t\t\t\t\t\t<span class=\"gb-datetime\">\n\t\t\t\t\t\t\t<span class=\"gb-date\"> schrieb am 18. Juli 2020<\/span><span class=\"gb-time\"> um 20:18<\/span>:\n\t\t\t\t\t\t<\/span> \n\t\t\t\t\t<\/div>\n\t\t\t\t\t<div class=\"gb-entry-content\">Liebes s&#039;Weinlager - Team\nWir wollten uns nochmals f\u00fcr diesen wundersch\u00f6nen romantischen Abend in euren Weinreben bedanken. F\u00fcrstlich gespeist und getrunken, dazu total cool und freundlich bedient - einfach toll!!! Auch unserem zuk\u00fcnftigen Schwiegersohn hat es bei euch so gut gefallen, dass er unserer Tochter in euren Weinreben einen Hochzeitsantrag gemacht hat. Das anschliessende Fest bleibt unvergessen - vielen Dank!!!!\nPS: Wir kommen wieder...\n\t\t\t\t\t<\/div>\n\t\t\t\t<\/article>\n\t\t\t<\/div>\n\t\t\t<div class=\"gb-entry gb-entry_101 gb-entry-count_3 gwolle_gb_uneven gwolle-gb-uneven\">\n\t\t\t\t<article>\n\t\t\t\t\t<div class=\"gb-author-info\">\n\t\t\t\t\t\t<span class=\"gb-author-avatar\"><img referrerpolicy=\"no-referrer\" alt='Hurry1967' src='http:\/\/0.gravatar.com\/avatar\/ca23e5e6b9f100856af58bb214418864?s=32&#038;d=mm&#038;r=g' srcset='http:\/\/0.gravatar.com\/avatar\/ca23e5e6b9f100856af58bb214418864?s=64&#038;d=mm&#038;r=g 2x' class='avatar avatar-32 photo' height='32' width='32' loading='lazy'\/><\/span>\n\t\t\t\t\t\t<span class=\"gb-author-name\">Hurry1967\n\t\t\t\t\t\t<\/span>\n\t\t\t\t\t\t<span class=\"gb-author-origin\"> aus Wien<\/span>\n\t\t\t\t\t\t<span class=\"gb-datetime\">\n\t\t\t\t\t\t\t<span class=\"gb-date\"> schrieb am 9. Mai 2019<\/span><span class=\"gb-time\"> um 22:35<\/span>:\n\t\t\t\t\t\t<\/span> \n\t\t\t\t\t<\/div>\n\t\t\t\t\t<div class=\"gb-entry-content\">Korrektur: war da am 4.Mai\n\t\t\t\t\t<\/div>\n\t\t\t\t<\/article>\n\t\t\t<\/div>\n\t\t\t<div class=\"gb-entry gb-entry_100 gb-entry-count_4 gwolle_gb_even gwolle-gb-even\">\n\t\t\t\t<article>\n\t\t\t\t\t<div class=\"gb-author-info\">\n\t\t\t\t\t\t<span class=\"gb-author-avatar\"><img referrerpolicy=\"no-referrer\" alt='Hurry1967' src='http:\/\/0.gravatar.com\/avatar\/ca23e5e6b9f100856af58bb214418864?s=32&#038;d=mm&#038;r=g' srcset='http:\/\/0.gravatar.com\/avatar\/ca23e5e6b9f100856af58bb214418864?s=64&#038;d=mm&#038;r=g 2x' class='avatar avatar-32 photo' height='32' width='32' loading='lazy'\/><\/span>\n\t\t\t\t\t\t<span class=\"gb-author-name\">Hurry1967\n\t\t\t\t\t\t<\/span>\n\t\t\t\t\t\t<span class=\"gb-author-origin\"> aus Wien<\/span>\n\t\t\t\t\t\t<span class=\"gb-datetime\">\n\t\t\t\t\t\t\t<span class=\"gb-date\"> schrieb am 9. Mai 2019<\/span><span class=\"gb-time\"> um 22:10<\/span>:\n\t\t\t\t\t\t<\/span> \n\t\t\t\t\t<\/div>\n\t\t\t\t\t<div class=\"gb-entry-content\">Hallo Liebes SWeinnlager!\nWaren am 1.Mai bei Euch. Auch wenn Wetter nicht optimal, hat der nette Heurigen und der Aussenbereich, umgeben von  lieblicher Gegrnd, Weinreben wo man schaut Gusto geweckt auf a Wiedersehn...\nDetails siehe www.rete.at (Lokalbewerungsportal)\n\t\t\t\t\t<\/div>\n\t\t\t\t<\/article>\n\t\t\t<\/div>\n\t\t\t<div class=\"gb-entry gb-entry_94 gb-entry-count_5 gwolle_gb_uneven gwolle-gb-uneven\">\n\t\t\t\t<article>\n\t\t\t\t\t<div class=\"gb-author-info\">\n\t\t\t\t\t\t<span class=\"gb-author-avatar\"><img referrerpolicy=\"no-referrer\" alt='Franziska Frey' src='http:\/\/1.gravatar.com\/avatar\/1ed69575a5e324b487d3e57a6c32a831?s=32&#038;d=mm&#038;r=g' srcset='http:\/\/1.gravatar.com\/avatar\/1ed69575a5e324b487d3e57a6c32a831?s=64&#038;d=mm&#038;r=g 2x' class='avatar avatar-32 photo' height='32' width='32' loading='lazy'\/><\/span>\n\t\t\t\t\t\t<span class=\"gb-author-name\">Franziska Frey\n\t\t\t\t\t\t<\/span>\n\t\t\t\t\t\t<span class=\"gb-author-origin\"> aus Unterlunkhofen<\/span>\n\t\t\t\t\t\t<span class=\"gb-datetime\">\n\t\t\t\t\t\t\t<span class=\"gb-date\"> schrieb am 23. September 2018<\/span><span class=\"gb-time\"> um 17:13<\/span>:\n\t\t\t\t\t\t<\/span> \n\t\t\t\t\t<\/div>\n\t\t\t\t\t<div class=\"gb-entry-content\">Liebes Weinlager-Team\nVielen Dank f\u00fcr die gute Bewirtschaftung w\u00e4hrend unseres Besuchs vom letzten Sonntag\/ Montag. Es war wirklich ganz toll bei Euch und wir waren begeistert.\nWeiterhin alles Gute und sonnige Gr\u00fcsse aus der Schweiz\n\t\t\t\t\t<\/div>\n\t\t\t\t<\/article>\n\t\t\t<\/div>\n\t\t\t<div class=\"gb-entry gb-entry_6 gb-entry-count_6 gwolle_gb_even gwolle-gb-even\">\n\t\t\t\t<article>\n\t\t\t\t\t<div class=\"gb-author-info\">\n\t\t\t\t\t\t<span class=\"gb-author-avatar\"><img referrerpolicy=\"no-referrer\" alt='Freismuth Bianca' src='http:\/\/1.gravatar.com\/avatar\/1c0fc965a3815612c2a8cc17a44d622e?s=32&#038;d=mm&#038;r=g' srcset='http:\/\/1.gravatar.com\/avatar\/1c0fc965a3815612c2a8cc17a44d622e?s=64&#038;d=mm&#038;r=g 2x' class='avatar avatar-32 photo' height='32' width='32' loading='lazy'\/><\/span>\n\t\t\t\t\t\t<span class=\"gb-author-name\">Freismuth Bianca\n\t\t\t\t\t\t<\/span>\n\t\t\t\t\t\t<span class=\"gb-author-origin\"> aus WIEN<\/span>\n\t\t\t\t\t\t<span class=\"gb-datetime\">\n\t\t\t\t\t\t\t<span class=\"gb-date\"> schrieb am 9. August 2017<\/span><span class=\"gb-time\"> um 13:15<\/span>:\n\t\t\t\t\t\t<\/span> \n\t\t\t\t\t<\/div>\n\t\t\t\t\t<div class=\"gb-entry-content\">Hab die Zeit bei Eurem Heurigen genossen....sch\u00f6ne Lage....regionales Essen u. Nat\u00fcrlich hat mir Euer gute Stra\u00dfzante gemundet!\nFreu mich schon auf den n\u00e4chsten Besuch!\n\t\t\t\t\t<\/div>\n\t\t\t\t<\/article>\n\t\t\t<\/div>\n\t\t\t<div class=\"gb-entry gb-entry_5 gb-entry-count_7 gwolle_gb_uneven gwolle-gb-uneven\">\n\t\t\t\t<article>\n\t\t\t\t\t<div class=\"gb-author-info\">\n\t\t\t\t\t\t<span class=\"gb-author-avatar\"><img referrerpolicy=\"no-referrer\" alt='Chalopek Karin' src='http:\/\/0.gravatar.com\/avatar\/9883f44112cab7bdbfd038fd39c30065?s=32&#038;d=mm&#038;r=g' srcset='http:\/\/0.gravatar.com\/avatar\/9883f44112cab7bdbfd038fd39c30065?s=64&#038;d=mm&#038;r=g 2x' class='avatar avatar-32 photo' height='32' width='32' loading='lazy'\/><\/span>\n\t\t\t\t\t\t<span class=\"gb-author-name\">Chalopek Karin\n\t\t\t\t\t\t<\/span>\n\t\t\t\t\t\t<span class=\"gb-author-origin\"> aus WIEN<\/span>\n\t\t\t\t\t\t<span class=\"gb-datetime\">\n\t\t\t\t\t\t\t<span class=\"gb-date\"> schrieb am 9. August 2017<\/span><span class=\"gb-time\"> um 13:13<\/span>:\n\t\t\t\t\t\t<\/span> \n\t\t\t\t\t<\/div>\n\t\t\t\t\t<div class=\"gb-entry-content\">Ein lauschiges Pl\u00e4tzchen....um miteinander zu genie\u00dfen ...und sich zu unterhalten.\n\t\t\t\t\t<\/div>\n\t\t\t\t<\/article>\n\t\t\t<\/div>\n\t\t\t<div class=\"gb-entry gb-entry_4 gb-entry-count_8 gwolle_gb_even gwolle-gb-even\">\n\t\t\t\t<article>\n\t\t\t\t\t<div class=\"gb-author-info\">\n\t\t\t\t\t\t<span class=\"gb-author-avatar\"><img referrerpolicy=\"no-referrer\" alt='Christa Nadler' src='http:\/\/1.gravatar.com\/avatar\/4028f0821d52ad7d09ef21e452b7ee2d?s=32&#038;d=mm&#038;r=g' srcset='http:\/\/1.gravatar.com\/avatar\/4028f0821d52ad7d09ef21e452b7ee2d?s=64&#038;d=mm&#038;r=g 2x' class='avatar avatar-32 photo' height='32' width='32' loading='lazy'\/><\/span>\n\t\t\t\t\t\t<span class=\"gb-author-name\">Christa Nadler\n\t\t\t\t\t\t<\/span>\n\t\t\t\t\t\t<span class=\"gb-author-origin\"> aus Strass<\/span>\n\t\t\t\t\t\t<span class=\"gb-datetime\">\n\t\t\t\t\t\t\t<span class=\"gb-date\"> schrieb am 1. August 2017<\/span><span class=\"gb-time\"> um 21:05<\/span>:\n\t\t\t\t\t\t<\/span> \n\t\t\t\t\t<\/div>\n\t\t\t\t\t<div class=\"gb-entry-content\">Wir kamen am Samstag mit sieben  Personen zum Weinlager...da war Live Musik...wir hatten nicht reserviert...trotzdem ein herzlicher Empfang...es wurden St\u00fchle gesucht und auch ein Tisch wurde hergezaubert....wir haben den Abend sehr genossen. Soviel Gastfreundschaft geh\u00f6rt einfach gelobt. Wir kommen sicher wieder....Danke f\u00fcr den sch\u00f6nen Abend!\n\t\t\t\t\t<\/div>\n\t\t\t\t<\/article>\n\t\t\t<\/div>\n\t\t\t<div class=\"gb-entry gb-entry_1 gb-entry-count_9 gwolle_gb_uneven gwolle-gb-uneven\">\n\t\t\t\t<article>\n\t\t\t\t\t<div class=\"gb-author-info\">\n\t\t\t\t\t\t<span class=\"gb-author-avatar\"><img referrerpolicy=\"no-referrer\" alt='Wolfgang' src='http:\/\/2.gravatar.com\/avatar\/550a4b5f64bbc0d8ebcc0c20b381f40f?s=32&#038;d=mm&#038;r=g' srcset='http:\/\/2.gravatar.com\/avatar\/550a4b5f64bbc0d8ebcc0c20b381f40f?s=64&#038;d=mm&#038;r=g 2x' class='avatar avatar-32 photo' height='32' width='32' loading='lazy'\/><\/span>\n\t\t\t\t\t\t<span class=\"gb-author-name\">Wolfgang\n\t\t\t\t\t\t<\/span>\n\t\t\t\t\t\t<span class=\"gb-author-origin\"> aus Feuersbrunn<\/span>\n\t\t\t\t\t\t<span class=\"gb-datetime\">\n\t\t\t\t\t\t\t<span class=\"gb-date\"> schrieb am 11. Mai 2017<\/span><span class=\"gb-time\"> um 12:54<\/span>:\n\t\t\t\t\t\t<\/span> \n\t\t\t\t\t<\/div>\n\t\t\t\t\t<div class=\"gb-entry-content\">Hallo Sonja und Werner!\r\n\r\nViel Vergn\u00fcgen mit eurem G\u00e4stebuch.\r\n\r\nlg wolfgang\n\t\t\t\t\t<\/div>\n\t\t\t\t<\/article>\n\t\t\t<\/div>\n\t\t\t<\/div><\/div>\n","protected":false},"excerpt":{"rendered":"<p>W\u00fcnsche, Anregungen, Liebeserkl\u00e4rungen, Beschwerden &#8230;nur zu! replique montre<\/p>\n","protected":false},"author":1,"featured_media":0,"parent":0,"menu_order":0,"comment_status":"closed","ping_status":"closed","template":"","meta":[],"_links":{"self":[{"href":"http:\/\/www.sweinlager.at\/heuriger\/index.php?rest_route=\/wp\/v2\/pages\/614"}],"collection":[{"href":"http:\/\/www.sweinlager.at\/heuriger\/index.php?rest_route=\/wp\/v2\/pages"}],"about":[{"href":"http:\/\/www.sweinlager.at\/heuriger\/index.php?rest_route=\/wp\/v2\/types\/page"}],"author":[{"embeddable":true,"href":"http:\/\/www.sweinlager.at\/heuriger\/index.php?rest_route=\/wp\/v2\/users\/1"}],"replies":[{"embeddable":true,"href":"http:\/\/www.sweinlager.at\/heuriger\/index.php?rest_route=%2Fwp%2Fv2%2Fcomments&post=614"}],"version-history":[{"count":8,"href":"http:\/\/www.sweinlager.at\/heuriger\/index.php?rest_route=\/wp\/v2\/pages\/614\/revisions"}],"predecessor-version":[{"id":1012,"href":"http:\/\/www.sweinlager.at\/heuriger\/index.php?rest_route=\/wp\/v2\/pages\/614\/revisions\/1012"}],"wp:attachment":[{"href":"http:\/\/www.sweinlager.at\/heuriger\/index.php?rest_route=%2Fwp%2Fv2%2Fmedia&parent=614"}],"curies":[{"name":"wp","href":"https:\/\/api.w.org\/{rel}","templated":true}]}}