{"id":7,"date":"2015-05-06T17:48:05","date_gmt":"2015-05-06T15:48:05","guid":{"rendered":"https:\/\/sweinlager.wordpress.com\/?page_id=7"},"modified":"2025-12-27T19:05:40","modified_gmt":"2025-12-27T18:05:40","slug":"heurigentermine","status":"publish","type":"page","link":"http:\/\/www.sweinlager.at\/heuriger\/?page_id=7","title":{"rendered":"Heurigentermine"},"content":{"rendered":"<h2>\u00d6FFNUNGSZEITEN 2026<\/h2>\n<p><a style=\"display: none;\" href=\"https:\/\/www.replicauhrengeschaft.com\">replica uhren kaufen<\/a><\/p>\n<p><em>T\u00e4glich, au\u00dfer Dienstag, ab 16.00 Uhr<\/em><\/p>\n<p>02.01. &#8211; 02.02. -\u300b Dienstag den 06.01. ge\u00f6ffnet!<\/p>\n<p>25.02. &#8211; 30.03.<\/p>\n<p>22.04. &#8211; 18.05<strong>.<\/strong><\/p>\n<p>10.06. &#8211; 22.06.<\/p>\n<p>01.07. &#8211; 27.07. -&gt; 25.07. Musikabend mit der &#8222;Fiatamusi&#8220;!<\/p>\n<p>19.08. &#8211; 14.09.<\/p>\n<p>14.10. &#8211; 23.11.<\/p>\n<p><a style=\"display: none;\" href=\"https:\/\/www.replicahorlogesfabriek.com\/categorie\/omega\/\">omega replica<\/a><\/p>\n","protected":false},"excerpt":{"rendered":"<p>\u00d6FFNUNGSZEITEN 2026 replica uhren kaufen T\u00e4glich, au\u00dfer Dienstag, ab 16.00 Uhr 02.01. &#8211; 02.02. -\u300b Dienstag den 06.01. ge\u00f6ffnet! 25.02. &#8211; 30.03. 22.04. &#8211; 18.05. 10.06. &#8211; 22.06. 01.07. &#8211; 27.07. -&gt; 25.07. Musikabend mit der &#8222;Fiatamusi&#8220;! 19.08. &#8211; 14.09. 14.10. &#8211; 23.11. omega replica<\/p>\n","protected":false},"author":1,"featured_media":0,"parent":0,"menu_order":0,"comment_status":"closed","ping_status":"closed","template":"","meta":[],"_links":{"self":[{"href":"http:\/\/www.sweinlager.at\/heuriger\/index.php?rest_route=\/wp\/v2\/pages\/7"}],"collection":[{"href":"http:\/\/www.sweinlager.at\/heuriger\/index.php?rest_route=\/wp\/v2\/pages"}],"about":[{"href":"http:\/\/www.sweinlager.at\/heuriger\/index.php?rest_route=\/wp\/v2\/types\/page"}],"author":[{"embeddable":true,"href":"http:\/\/www.sweinlager.at\/heuriger\/index.php?rest_route=\/wp\/v2\/users\/1"}],"replies":[{"embeddable":true,"href":"http:\/\/www.sweinlager.at\/heuriger\/index.php?rest_route=%2Fwp%2Fv2%2Fcomments&post=7"}],"version-history":[{"count":34,"href":"http:\/\/www.sweinlager.at\/heuriger\/index.php?rest_route=\/wp\/v2\/pages\/7\/revisions"}],"predecessor-version":[{"id":1085,"href":"http:\/\/www.sweinlager.at\/heuriger\/index.php?rest_route=\/wp\/v2\/pages\/7\/revisions\/1085"}],"wp:attachment":[{"href":"http:\/\/www.sweinlager.at\/heuriger\/index.php?rest_route=%2Fwp%2Fv2%2Fmedia&parent=7"}],"curies":[{"name":"wp","href":"https:\/\/api.w.org\/{rel}","templated":true}]}}